{"id":863,"date":"2018-06-24T17:19:32","date_gmt":"2018-06-24T15:19:32","guid":{"rendered":"http:\/\/neitzke.oberon.veomeo.de\/?page_id=863"},"modified":"2025-01-10T09:23:50","modified_gmt":"2025-01-10T07:23:50","slug":"datenschutz","status":"publish","type":"page","link":"https:\/\/www.praxis-ahmels-neitzke.de\/?page_id=863","title":{"rendered":"Datenschutz"},"content":{"rendered":"<p><img loading=\"lazy\" class=\"alignnone size-full wp-image-780\" src=\"http:\/\/neitzke.oberon.veomeo.de\/wp-content\/uploads\/2016\/10\/Empfang6.jpg\" alt=\"\" width=\"1000\" height=\"400\" srcset=\"https:\/\/www.praxis-ahmels-neitzke.de\/wp-content\/uploads\/2016\/10\/Empfang6.jpg 1000w, https:\/\/www.praxis-ahmels-neitzke.de\/wp-content\/uploads\/2016\/10\/Empfang6-300x120.jpg 300w, https:\/\/www.praxis-ahmels-neitzke.de\/wp-content\/uploads\/2016\/10\/Empfang6-768x307.jpg 768w, https:\/\/www.praxis-ahmels-neitzke.de\/wp-content\/uploads\/2016\/10\/Empfang6-624x250.jpg 624w\" sizes=\"(max-width: 1000px) 100vw, 1000px\" \/><\/p>\n<h2>Datenschutzerkl\u00e4rung<strong><br \/>\n<\/strong><\/h2>\n<h3>Einleitung<\/h3>\n<p>Wir bedanken uns f\u00fcr daf\u00fcr, dass Sie uns Ihre personenbezogenen Daten anvertrauen und versprechen im Gegenzug mit Ihren Daten sicher und verantwortungsvoll umzugehen. Wir nutzen Ihre Daten generell nur in dem Umfang der n\u00f6tig ist, \u00fcber den Zeitraum der erforderlich ist und wenn wir Ihre Daten an Dritte weitergeben, dann nur, wenn Sie uns dazu erm\u00e4chtigen \u2013 niemals ohne Ihre Zustimmung oder entgegen Ihrem Interesse.<\/p>\n<p>Diese Datenschutzerkl\u00e4rung soll Ihnen einen \u00dcberblick \u00fcber die Art und den Umfang der von uns verarbeiteten Daten liefern.<\/p>\n<p>Bitte nehmen Sie sich die Zeit diese Erkl\u00e4rung gr\u00fcndlich durchzulesen und stellen Sie sicher, dass Sie alle Aspekte verstehen.<\/p>\n<h2>Information \u00fcber die Erhebung personenbezogener Daten<\/h2>\n<p>Im Folgenden informieren wir \u00fcber die Erhebung personenbezogener Daten bei Nutzung unserer Website. Personenbezogene Daten sind alle Daten, die auf Sie pers\u00f6nlich beziehbar sind, z. B. Name, Adresse, E-Mail-Adressen, Nutzerverhalten.<\/p>\n<p><strong>Verantwortlicher gem. Art. 4 Abs. 7 EU-Datenschutz-Grundverordnung (DS-GVO) ist<\/strong><\/p>\n<p>Zahnarztpraxis Neitzke &#8211; Am Alten Markt<br \/>\nAlter Markt 15<br \/>\n26441 Jever<br \/>\nTel.: 04461\/72535<br \/>\nneitzke-za@t-online.de<\/p>\n<p>Geben Sie bitte bei jeder Kontaktaufnahme das Unternehmen an, auf das sich Ihre Anfrage bezieht.<br \/>\n<strong>Die Kontaktdaten der zust\u00e4ndigen Aufsichtsbeh\u00f6rde sind<\/strong><\/p>\n<p>Die Landesbeauftragte f\u00fcr den Datenschutz Niedersachsen<br \/>\nPrinzenstra\u00dfe 5<br \/>\n30159 Hannover<\/p>\n<p>Telefon: 05 11\/120-45 00<br \/>\nTelefax: 05 11\/120-45 99<\/p>\n<p>poststelle@lfd.niedersachsen.de<br \/>\n<a href=\"https:\/\/www.lfd.niedersachsen.de\/\">www.lfd.niedersachsen.de<\/a><br \/>\nBei Ihrer Kontaktaufnahme mit uns per E-Mail oder \u00fcber ein Kontaktformular werden die von Ihnen mitgeteilten Daten (Ihre E-Mail-Adresse, ggf. Ihr Name und Ihre Telefonnummer) von uns gespeichert, um Ihre Fragen zu beantworten. Die in diesem Zusammenhang anfallenden Daten l\u00f6schen wir, nachdem die Speicherung nicht mehr erforderlich ist, oder schr\u00e4nken die Verarbeitung ein, falls gesetzliche Aufbewahrungspflichten bestehen.<\/p>\n<p>Falls wir f\u00fcr einzelne Funktionen unseres Angebots auf beauftragte Dienstleister zur\u00fcckgreifen oder Ihre Daten f\u00fcr werbliche Zwecke nutzen m\u00f6chten, werden wir Sie untenstehend im Detail \u00fcber die jeweiligen Vorg\u00e4nge informieren. Dabei nennen wir auch die festgelegten Kriterien der Speicherdauer.<\/p>\n<h2>Ihre Rechte<\/h2>\n<p>Sie haben gegen\u00fcber uns folgende Rechte hinsichtlich der Sie betreffenden personenbezogenen Daten:<\/p>\n<ul>\n<li>Recht auf Auskunft,<\/li>\n<li>Recht auf Berichtigung oder L\u00f6schung,<\/li>\n<li>Recht auf Einschr\u00e4nkung der Verarbeitung,<\/li>\n<li>Recht auf Widerspruch gegen die Verarbeitung,<\/li>\n<li>Recht auf Daten\u00fcbertragbarkeit.<\/li>\n<\/ul>\n<p>Sie haben zudem das Recht, sich bei einer Datenschutz-Aufsichtsbeh\u00f6rde \u00fcber die Verarbeitung Ihrer personenbezogenen Daten durch uns zu beschweren.<\/p>\n<h2>Erhebung personenbezogener Daten bei Besuch unserer Website<\/h2>\n<p>Bei der blo\u00df informatorischen Nutzung der Website, also wenn Sie sich nicht registrieren oder uns anderweitig Informationen \u00fcbermitteln, erheben wir nur die personenbezogenen Daten, die Ihr Browser an unseren Server \u00fcbermittelt. Wenn Sie unsere Website betrachten m\u00f6chten, erheben wir die folgenden Daten, die f\u00fcr uns technisch erforderlich sind, um Ihnen unsere Website anzuzeigen und die Stabilit\u00e4t und Sicherheit zu gew\u00e4hrleisten (Rechtsgrundlage ist Art. 6 Abs. 1 S. 1 lit. f DS-GVO):<\/p>\n<ul>\n<li>IP-Adresse<\/li>\n<li>Datum und Uhrzeit der Anfrage<\/li>\n<li>Zeitzonendifferenz zur Greenwich Mean Time (GMT)<\/li>\n<li>Inhalt der Anforderung (konkrete Seite)<\/li>\n<li>Zugriffsstatus\/HTTP-Statuscode<\/li>\n<li>jeweils \u00fcbertragene Datenmenge<\/li>\n<li>Website, von der die Anforderung kommt<\/li>\n<li>Browser<\/li>\n<li>Betriebssystem und dessen Oberfl\u00e4che<\/li>\n<li>Sprache und Version der Browsersoftware<\/li>\n<\/ul>\n<p>Zus\u00e4tzlich zu den zuvor genannten Daten werden bei Ihrer Nutzung unserer Website Cookies auf Ihrem Rechner gespeichert. Bei Cookies handelt es sich um kleine Textdateien, die auf Ihrer Festplatte dem von Ihnen verwendeten Browser zugeordnet gespeichert werden und durch welche der Stelle, die den Cookie setzt (hier durch uns), bestimmte Informationen zuflie\u00dfen. Cookies k\u00f6nnen keine Programme ausf\u00fchren oder Viren auf Ihren Computer \u00fcbertragen. Sie dienen dazu, das Internetangebot insgesamt benutzerfreundlicher und effektiver zu machen.<\/p>\n<p>Einsatz von Cookies:<br \/>\nDiese Website nutzt folgende Arten von Cookies, deren Umfang und Funktionsweise im Folgenden erl\u00e4utert werden:<\/p>\n<ul>\n<li>Transiente Cookies<\/li>\n<li>Persistente Cookies<\/li>\n<\/ul>\n<p>Transiente Cookies werden automatisiert gel\u00f6scht, wenn Sie den Browser schlie\u00dfen. Dazu z\u00e4hlen insbesondere die Session-Cookies. Diese speichern eine sogenannte Session-ID, mit welcher sich verschiedene Anfragen Ihres Browsers der gemeinsamen Sitzung zuordnen lassen. Dadurch kann Ihr Rechner wiedererkannt werden, wenn Sie auf unsere Website zur\u00fcckkehren. Die Session-Cookies werden gel\u00f6scht, wenn Sie sich ausloggen oder den Browser schlie\u00dfen bzw. den Rechner neu starten, je nach Einstellung Ihres Betriebssystems.<\/p>\n<p>Persistente Cookies werden automatisiert nach einer vorgegebenen Dauer gel\u00f6scht, die sich je nach Cookie unterscheiden kann. Sie k\u00f6nnen die Cookies in den Sicherheitseinstellungen Ihres Browsers jederzeit l\u00f6schen.<\/p>\n<p>Sie k\u00f6nnen Ihre Browser-Einstellung entsprechend Ihren W\u00fcnschen konfigurieren und z. B. die Annahme von Third-Party-Cookies oder allen Cookies ablehnen. Wir weisen Sie darauf hin, dass Sie dann nicht alle Funktionen dieser Website nutzen k\u00f6nnen.<\/p>\n<h2>Weitere Funktionen und Angebote unserer Website<\/h2>\n<p>Neben der rein informatorischen Nutzung unserer Website bieten wir verschiedene Leistungen an, die Sie bei Interesse nutzen k\u00f6nnen. Dazu m\u00fcssen Sie in der Regel weitere personenbezogene Daten angeben, die wir zur Erbringung der jeweiligen Leistung nutzen und f\u00fcr die die zuvor genannten Grunds\u00e4tze zur Datenverarbeitung gelten.<\/p>\n<p>Teilweise bedienen wir uns zur Verarbeitung Ihrer Daten externer Dienstleister. Diese wurden von uns sorgf\u00e4ltig ausgew\u00e4hlt und beauftragt, sind an unsere Weisungen gebunden und werden regelm\u00e4\u00dfig kontrolliert.<\/p>\n<p>Weiterhin k\u00f6nnen wir Ihre personenbezogenen Daten an Dritte weitergeben, wenn Aktionsteilnahmen, Gewinnspiele, Vertragsabschl\u00fcsse oder \u00e4hnliche Leistungen von uns gemeinsam mit Partnern angeboten werden. N\u00e4here Informationen hierzu erhalten Sie bei Angabe Ihrer personenbezogenen Daten oder untenstehend in der Beschreibung des Angebotes.<\/p>\n<p>Soweit unsere Dienstleister oder Partner ihren Sitz in einem Staat au\u00dferhalb des Europ\u00e4ischen Wirtschaftsraums (EWR) haben, informieren wir Sie \u00fcber die Folgen dieses Umstands in der Beschreibung des Angebotes.<\/p>\n<h2>Widerspruch oder Widerruf gegen die Verarbeitung Ihrer Daten<\/h2>\n<p>Falls Sie eine Einwilligung zur Verarbeitung Ihrer Daten erteilt haben, k\u00f6nnen Sie diese jederzeit widerrufen. Ein solcher Widerruf beeinflusst die Zul\u00e4ssigkeit der Verarbeitung Ihrer personenbezogenen Daten, nachdem Sie ihn gegen\u00fcber uns ausgesprochen haben.<\/p>\n<p>Soweit wir die Verarbeitung Ihrer personenbezogenen Daten auf die Interessenabw\u00e4gung st\u00fctzen, k\u00f6nnen Sie Widerspruch gegen die Verarbeitung einlegen. Dies ist der Fall, wenn die Verarbeitung insbesondere nicht zur Erf\u00fcllung eines Vertrags mit Ihnen erforderlich ist, was von uns jeweils bei der nachfolgenden Beschreibung der Funktionen dargestellt wird. Bei Aus\u00fcbung eines solchen Widerspruchs bitten wir um Darlegung der Gr\u00fcnde, weshalb wir Ihre personenbezogenen Daten nicht wie von uns durchgef\u00fchrt verarbeiten sollten. Im Falle Ihres begr\u00fcndeten Widerspruchs pr\u00fcfen wir die Sachlage und werden entweder die Datenverarbeitung einstellen bzw. anpassen oder Ihnen unsere zwingenden schutzw\u00fcrdigen Gr\u00fcnde aufzeigen, aufgrund derer wir die Verarbeitung fortf\u00fchren.<\/p>\n<p>Selbstverst\u00e4ndlich k\u00f6nnen Sie der Verarbeitung Ihrer personenbezogenen Daten f\u00fcr Zwecke der Werbung und Datenanalyse jederzeit widersprechen. \u00dcber Ihren Werbewiderspruch k\u00f6nnen Sie unseren Datenschutzbeauftragten informieren. Die Kontaktdaten finden Sie weiter oben in dieser Erkl\u00e4rung.<\/p>\n<h2>Verwendung von Google Web Fonts<\/h2>\n<p>Diese Seite nutzt zur einheitlichen Darstellung von Schriftarten so genannte Web Fonts, die von Google bereitgestellt werden. Beim Aufruf einer Seite l\u00e4dt Ihr Browser die ben\u00f6tigten Web Fonts in ihren Browsercache, um Texte und Schriftarten korrekt anzuzeigen. Wenn Ihr Browser Web Fonts nicht unterst\u00fctzt, wird eine Standardschrift von Ihrem Computer genutzt.<br \/>\nDer Anbieter ist &#8222;Google Ireland Limited, Gordon House, Barrow Street, Dublin 4, Ireland&#8220;.<\/p>\n<p>Weitere Informationen zu Google Web Fonts finden Sie unter https:\/\/developers.google.com\/fonts\/faq und in der Datenschutzerkl\u00e4rung von Google: https:\/\/policies.google.com\/privacy?hl=de<\/p>\n<h2>\u00c4nderung unserer Datenschutzbestimmungen<\/h2>\n<p>Wir behalten uns vor, diese Datenschutzerkl\u00e4rung gelegentlich anzupassen, damit sie stets den aktuellen rechtlichen Anforderungen entspricht oder um \u00c4nderungen unserer Leistungen in der Datenschutzerkl\u00e4rung umzusetzen, z. B. bei der Einf\u00fchrung neuer Services. F\u00fcr Ihren erneuten Besuch gilt dann die neue Datenschutzerkl\u00e4rung.<\/p>\n","protected":false},"excerpt":{"rendered":"<p>Datenschutzerkl\u00e4rung Einleitung Wir bedanken uns f\u00fcr daf\u00fcr, dass Sie uns Ihre personenbezogenen Daten anvertrauen und versprechen im Gegenzug mit Ihren Daten sicher und verantwortungsvoll umzugehen. Wir nutzen Ihre Daten generell nur in dem Umfang der n\u00f6tig ist, \u00fcber den Zeitraum der erforderlich ist und wenn wir Ihre Daten an Dritte weitergeben, dann nur, wenn Sie [&hellip;]<\/p>\n","protected":false},"author":4,"featured_media":0,"parent":0,"menu_order":0,"comment_status":"closed","ping_status":"closed","template":"","meta":[],"_links":{"self":[{"href":"https:\/\/www.praxis-ahmels-neitzke.de\/index.php?rest_route=\/wp\/v2\/pages\/863"}],"collection":[{"href":"https:\/\/www.praxis-ahmels-neitzke.de\/index.php?rest_route=\/wp\/v2\/pages"}],"about":[{"href":"https:\/\/www.praxis-ahmels-neitzke.de\/index.php?rest_route=\/wp\/v2\/types\/page"}],"author":[{"embeddable":true,"href":"https:\/\/www.praxis-ahmels-neitzke.de\/index.php?rest_route=\/wp\/v2\/users\/4"}],"replies":[{"embeddable":true,"href":"https:\/\/www.praxis-ahmels-neitzke.de\/index.php?rest_route=%2Fwp%2Fv2%2Fcomments&post=863"}],"version-history":[{"count":13,"href":"https:\/\/www.praxis-ahmels-neitzke.de\/index.php?rest_route=\/wp\/v2\/pages\/863\/revisions"}],"predecessor-version":[{"id":1431,"href":"https:\/\/www.praxis-ahmels-neitzke.de\/index.php?rest_route=\/wp\/v2\/pages\/863\/revisions\/1431"}],"wp:attachment":[{"href":"https:\/\/www.praxis-ahmels-neitzke.de\/index.php?rest_route=%2Fwp%2Fv2%2Fmedia&parent=863"}],"curies":[{"name":"wp","href":"https:\/\/api.w.org\/{rel}","templated":true}]}}