{"id":55,"date":"2013-08-13T12:04:12","date_gmt":"2013-08-13T12:04:12","guid":{"rendered":"http:\/\/localhost\/wordpress\/?page_id=55"},"modified":"2025-01-02T12:40:51","modified_gmt":"2025-01-02T10:40:51","slug":"start","status":"publish","type":"page","link":"https:\/\/www.praxis-ahmels-neitzke.de\/","title":{"rendered":"Start"},"content":{"rendered":"<!-- meta slider -->\n<div style=\"width: 100%; margin: 0 auto;\" class=\"metaslider metaslider-flex metaslider-775 ml-slider nav-hidden\">\n    \n    <div id=\"metaslider_container_775\">\n        <div id=\"metaslider_775\">\n            <ul class=\"slides\">\n                <li style=\"display: block; width: 100%;\" class=\"slide-776 ms-image\"><img src=\"https:\/\/www.praxis-ahmels-neitzke.de\/wp-content\/uploads\/2016\/10\/Empfang2.jpg\" height=\"400\" width=\"1000\" alt=\"\" class=\"slider-775 slide-776\" \/><\/li>\n                <li style=\"display: none; width: 100%;\" class=\"slide-777 ms-image\"><img src=\"https:\/\/www.praxis-ahmels-neitzke.de\/wp-content\/uploads\/2016\/10\/Empfang3.jpg\" height=\"400\" width=\"1000\" alt=\"\" class=\"slider-775 slide-777\" \/><\/li>\n                <li style=\"display: none; width: 100%;\" class=\"slide-778 ms-image\"><img src=\"https:\/\/www.praxis-ahmels-neitzke.de\/wp-content\/uploads\/2016\/10\/Empfang4.jpg\" height=\"400\" width=\"1000\" alt=\"\" class=\"slider-775 slide-778\" \/><\/li>\n                <li style=\"display: none; width: 100%;\" class=\"slide-779 ms-image\"><img src=\"https:\/\/www.praxis-ahmels-neitzke.de\/wp-content\/uploads\/2016\/10\/Empfang5.jpg\" height=\"400\" width=\"1000\" alt=\"\" class=\"slider-775 slide-779\" \/><\/li>\n                <li style=\"display: none; width: 100%;\" class=\"slide-780 ms-image\"><img src=\"https:\/\/www.praxis-ahmels-neitzke.de\/wp-content\/uploads\/2016\/10\/Empfang6.jpg\" height=\"400\" width=\"1000\" alt=\"\" class=\"slider-775 slide-780\" \/><\/li>\n                <li style=\"display: none; width: 100%;\" class=\"slide-781 ms-image\"><img src=\"https:\/\/www.praxis-ahmels-neitzke.de\/wp-content\/uploads\/2016\/10\/Empfang7.jpg\" height=\"400\" width=\"1000\" alt=\"\" class=\"slider-775 slide-781\" \/><\/li>\n            <\/ul>\n        <\/div>\n        \n    <\/div>\n    <script type=\"text\/javascript\">\n        var metaslider_775 = function($) {\n            $('#metaslider_775').addClass('flexslider'); \/\/ theme\/plugin conflict avoidance\n            $('#metaslider_775').flexslider({ \n                slideshowSpeed:3000,\n                animation:\"slide\",\n                controlNav:false,\n                directionNav:true,\n                pauseOnHover:true,\n                direction:\"horizontal\",\n                reverse:false,\n                animationSpeed:600,\n                prevText:\"&lt;\",\n                nextText:\"&gt;\",\n                easing:\"linear\",\n                slideshow:true\n            });\n        };\n        var timer_metaslider_775 = function() {\n            var slider = !window.jQuery ? window.setTimeout(timer_metaslider_775, 100) : !jQuery.isReady ? window.setTimeout(timer_metaslider_775, 1) : metaslider_775(window.jQuery);\n        };\n        timer_metaslider_775();\n    <\/script>\n<\/div>\n<!--\/\/ meta slider-->\n<h2>Pr\u00e4vention f\u00fcr langfristige Zahn- und Mundgesundheit.<\/h2>\n<p class=\"p1\">Wir wollen Sie perfekt behandeln. Unser Ziel: Ihre Zahn- und Mundgesundheit zu erhalten. Bei Zahnverlust ersetzen wir Ihre\u00a0Z\u00e4hne funktionell und \u00e4sthetisch hochwertig. Unsere Untersuchungs- und Behandlungsmethoden sind stets auf dem neuesten, wissenschaftlichen Stand. Langj\u00e4hrige Erfahrung, hochwertige technische Ausstattung und qualifizierte Mitarbeiterinnen erm\u00f6glichen f\u00fcr jeden Patienten ein individuelles Optimum.<\/p>\n<p>Zahnarzt Hauke Neitzke<\/p>\n","protected":false},"excerpt":{"rendered":"<p>Pr\u00e4vention f\u00fcr langfristige Zahn- und Mundgesundheit. Wir wollen Sie perfekt behandeln. Unser Ziel: Ihre Zahn- und Mundgesundheit zu erhalten. Bei Zahnverlust ersetzen wir Ihre\u00a0Z\u00e4hne funktionell und \u00e4sthetisch hochwertig. Unsere Untersuchungs- und Behandlungsmethoden sind stets auf dem neuesten, wissenschaftlichen Stand. Langj\u00e4hrige Erfahrung, hochwertige technische Ausstattung und qualifizierte Mitarbeiterinnen erm\u00f6glichen f\u00fcr jeden Patienten ein individuelles Optimum. Zahnarzt [&hellip;]<\/p>\n","protected":false},"author":4,"featured_media":0,"parent":0,"menu_order":0,"comment_status":"closed","ping_status":"closed","template":"","meta":[],"_links":{"self":[{"href":"https:\/\/www.praxis-ahmels-neitzke.de\/index.php?rest_route=\/wp\/v2\/pages\/55"}],"collection":[{"href":"https:\/\/www.praxis-ahmels-neitzke.de\/index.php?rest_route=\/wp\/v2\/pages"}],"about":[{"href":"https:\/\/www.praxis-ahmels-neitzke.de\/index.php?rest_route=\/wp\/v2\/types\/page"}],"author":[{"embeddable":true,"href":"https:\/\/www.praxis-ahmels-neitzke.de\/index.php?rest_route=\/wp\/v2\/users\/4"}],"replies":[{"embeddable":true,"href":"https:\/\/www.praxis-ahmels-neitzke.de\/index.php?rest_route=%2Fwp%2Fv2%2Fcomments&post=55"}],"version-history":[{"count":10,"href":"https:\/\/www.praxis-ahmels-neitzke.de\/index.php?rest_route=\/wp\/v2\/pages\/55\/revisions"}],"predecessor-version":[{"id":1418,"href":"https:\/\/www.praxis-ahmels-neitzke.de\/index.php?rest_route=\/wp\/v2\/pages\/55\/revisions\/1418"}],"wp:attachment":[{"href":"https:\/\/www.praxis-ahmels-neitzke.de\/index.php?rest_route=%2Fwp%2Fv2%2Fmedia&parent=55"}],"curies":[{"name":"wp","href":"https:\/\/api.w.org\/{rel}","templated":true}]}}