{"id":35,"date":"2013-08-13T11:18:40","date_gmt":"2013-08-13T11:18:40","guid":{"rendered":"http:\/\/localhost\/wordpress\/?page_id=35"},"modified":"2025-01-10T09:17:24","modified_gmt":"2025-01-10T07:17:24","slug":"die-praxis","status":"publish","type":"page","link":"https:\/\/www.praxis-ahmels-neitzke.de\/?page_id=35","title":{"rendered":"Impressum"},"content":{"rendered":"<p><img loading=\"lazy\" class=\"alignnone wp-image-379 size-full\" src=\"http:\/\/www.insomnia-film.com\/server\/m-28\/wordpress\/wp-content\/uploads\/2013\/08\/Impressum1.jpg\" alt=\"\" width=\"1000\" height=\"400\" srcset=\"https:\/\/www.praxis-ahmels-neitzke.de\/wp-content\/uploads\/2013\/08\/Impressum1.jpg 1000w, https:\/\/www.praxis-ahmels-neitzke.de\/wp-content\/uploads\/2013\/08\/Impressum1-300x120.jpg 300w, https:\/\/www.praxis-ahmels-neitzke.de\/wp-content\/uploads\/2013\/08\/Impressum1-624x249.jpg 624w\" sizes=\"(max-width: 1000px) 100vw, 1000px\" \/><\/p>\n<h2>Zahnarztpraxis Neitzke &#8211; Am Alten Markt<\/h2>\n<p>Alter Markt 15<br \/>\n26441 Jever<br \/>\nTel.: 04461\/72535<br \/>\nWhatsApp: 0151\/20788825<br \/>\nFax: 04461\/7432944<br \/>\nE-Mail: neitzke-za@t-online.de<\/p>\n<h3>Berufsbezeichnung:<\/h3>\n<p>Zahnarzt Hauke Neitzke ist Mitglied der Zahn\u00e4rztekammer Niedersachsen.<br \/>\nGesetzliche Berufsbezeichnung:\u00a0Zahn\u00e4rztin bzw. Zahnarzt. Approbationsort: Deutschland.<\/p>\n<h3>Zust\u00e4ndige Zahn\u00e4rztekammer:<\/h3>\n<p>Zahn\u00e4rztekammer Niedersachsen (ZKN)<br \/>\nZei\u00dfstra\u00dfe 11a,\u00a030519 Hannover,<br \/>\nTelefon: 0511\/833910,\u00a0Fax: 0511\/83391116,<br \/>\nE-Mail: <a href=\"mailto:info@zkn.de\">info@zkn.de<\/a><\/p>\n<h3>Zust\u00e4ndige Aufsichtsbeh\u00f6rde:<\/h3>\n<p>Kassenzahn\u00e4rztliche Vereinigung Niedersachsen (KZVN),\u00a0K\u00f6rperschaft des \u00f6ffentlichen Rechts<br \/>\nZei\u00dfstr. 11,\u00a030519 Hannover,<br \/>\nTelefon: 0511\/8405-0,\u00a0Fax: 0511\/59097080,<br \/>\nE-Mail: <a href=\"mailto:info@kzvn.de\">info@kzvn.de<\/a><\/p>\n<h3>Berufsordnung:<\/h3>\n<p>Berufsordnung der Zahn\u00e4rztekammer Niedersachsen, Kammergesetz f\u00fcr die Heilberufe, siehe <a href=\"http:\/\/www.zkn.de\">www.zkn.de<\/a><\/p>\n<h3>Disclaimer\/Haftungsausschluss<\/h3>\n<p>Verantwortlich f\u00fcr den Inhalt dieser Website ist die Zahnarztpraxis Neitzke &#8211; Am Alten Markt , vertreten durch ihr Inhaber Hauke Neitzke. Falls von dieser Website \u00fcber Hyperlinks auf andere Websites verwiesen wird, schlie\u00dft die Zahnarztpraxis hiermit jede haftungsrechtliche Verantwortung f\u00fcr deren Inhalte aus.<\/p>\n<p>S\u00e4mtliche Texte, Bilder und andere auf der Website ver\u00f6ffentlichten Werke unterliegen \u2013 sofern nicht anders gekennzeichnet \u2013 dem Copyright der Zahnarztpraxis Neitzke &#8211; Am Alten Markt, Jever. Jede Vervielf\u00e4ltigung, Verbreitung, Speicherung, \u00dcbermittlung, Sendung und Wieder- oder Weitergabe der Inhalte ist ohne schriftliche Genehmigung der Zahnarztpraxis Neitzke &#8211; Am Alten Markt ausdr\u00fccklich untersagt.<\/p>\n<p>Diese Hinweise sind als Teil des Internetangebotes der Zahnarztpraxis Neitzke &#8211; Am Alten Markt zu betrachten, von dem aus auf diese Seite verwiesen wurde. Sofern Teile oder einzelne Formulierungen dieses Textes der geltenden Rechtslage nicht, nicht mehr oder nicht vollst\u00e4ndig entsprechen sollten, bleiben die \u00fcbrigen Teile in ihrem Inhalt und ihrer G\u00fcltigkeit davon unber\u00fchrt.<br \/>\nBei technischen Fragen wenden Sie sich bitte an unseren Webmaster:<br \/>\n<a href=\"mailto:moin@veomeo.de\">moin@veomeo.de<\/a><\/p>\n","protected":false},"excerpt":{"rendered":"<p>Zahnarztpraxis Neitzke &#8211; Am Alten Markt Alter Markt 15 26441 Jever Tel.: 04461\/72535 WhatsApp: 0151\/20788825 Fax: 04461\/7432944 E-Mail: neitzke-za@t-online.de Berufsbezeichnung: Zahnarzt Hauke Neitzke ist Mitglied der Zahn\u00e4rztekammer Niedersachsen. Gesetzliche Berufsbezeichnung:\u00a0Zahn\u00e4rztin bzw. Zahnarzt. Approbationsort: Deutschland. Zust\u00e4ndige Zahn\u00e4rztekammer: Zahn\u00e4rztekammer Niedersachsen (ZKN) Zei\u00dfstra\u00dfe 11a,\u00a030519 Hannover, Telefon: 0511\/833910,\u00a0Fax: 0511\/83391116, E-Mail: info@zkn.de Zust\u00e4ndige Aufsichtsbeh\u00f6rde: Kassenzahn\u00e4rztliche Vereinigung Niedersachsen (KZVN),\u00a0K\u00f6rperschaft des \u00f6ffentlichen [&hellip;]<\/p>\n","protected":false},"author":4,"featured_media":0,"parent":0,"menu_order":4,"comment_status":"closed","ping_status":"closed","template":"","meta":[],"_links":{"self":[{"href":"https:\/\/www.praxis-ahmels-neitzke.de\/index.php?rest_route=\/wp\/v2\/pages\/35"}],"collection":[{"href":"https:\/\/www.praxis-ahmels-neitzke.de\/index.php?rest_route=\/wp\/v2\/pages"}],"about":[{"href":"https:\/\/www.praxis-ahmels-neitzke.de\/index.php?rest_route=\/wp\/v2\/types\/page"}],"author":[{"embeddable":true,"href":"https:\/\/www.praxis-ahmels-neitzke.de\/index.php?rest_route=\/wp\/v2\/users\/4"}],"replies":[{"embeddable":true,"href":"https:\/\/www.praxis-ahmels-neitzke.de\/index.php?rest_route=%2Fwp%2Fv2%2Fcomments&post=35"}],"version-history":[{"count":16,"href":"https:\/\/www.praxis-ahmels-neitzke.de\/index.php?rest_route=\/wp\/v2\/pages\/35\/revisions"}],"predecessor-version":[{"id":1429,"href":"https:\/\/www.praxis-ahmels-neitzke.de\/index.php?rest_route=\/wp\/v2\/pages\/35\/revisions\/1429"}],"wp:attachment":[{"href":"https:\/\/www.praxis-ahmels-neitzke.de\/index.php?rest_route=%2Fwp%2Fv2%2Fmedia&parent=35"}],"curies":[{"name":"wp","href":"https:\/\/api.w.org\/{rel}","templated":true}]}}